{"id":1835,"date":"2022-09-01T18:33:02","date_gmt":"2022-09-01T21:33:02","guid":{"rendered":"https:\/\/gramkowsolutions.com\/termos-de-uso\/"},"modified":"2022-09-02T09:10:29","modified_gmt":"2022-09-02T12:10:29","slug":"terms-of-use","status":"publish","type":"page","link":"https:\/\/gramkowsolutions.com\/en\/terms-of-use\/","title":{"rendered":"Terms of Use"},"content":{"rendered":"\r\n<p>These General Terms and Conditions of Use provide for the use of the following sites:<\/p>\r\n\r\n\r\n\r\n<ul>\r\n<li>gramkowsolutions.com<\/li>\r\n<\/ul>\r\n\r\n\r\n\r\n<p>The websites, the brand and all accessory rights are the exclusive property of CA GRAMKOW COM\u00c9RCIO EXTERIOR LTDA., a legal entity governed by private law, registered with the CNPJ\/MF under no. 07.775.558\/0001-98, established at Rua Jo\u00e3o Dietrich, n\u00ba 465, Bairro Costa e Silva, in the city of Joinville, State of Santa Catarina. The sites are directed to individuals, Brazilian or foreign, over 18 (eighteen) years of age. Access and\/or registration takes place through the aforementioned websites. In order for visitors to access the websites, full and unrestricted acceptance of the <a href=\"https:\/\/gramkowsolutions.com\/en\/privacy-policy\/\">Privacy Policy<\/a>.<\/p> is essential.\r\n\r\n\r\n\r\n<h3>PROCESSING OF PERSONAL DATA<\/h3>\r\n\r\n\r\n\r\n<p>Gramkow will process personal data, observing its privacy policy, duly published on the websites. The personal data provided by visitors to Gramkow are stored and used to:<\/p>\r\n\r\n\r\n\r\n<ul>\r\n<li>Control your access to and participation in the websites and other interaction mechanisms;<\/li>\r\n<li>Proceed with the delivery of any awards;<\/li>\r\n<li>Share with partner companies, information about your profile and consumption habits, for the purpose of sending you targeted advertising offers that are of interest to you.<\/li>\r\n<li>Customize the content of Gramkow websites to your preferences and data.<\/li>\r\n<\/ul>\r\n\r\n\r\n\r\n<p>From the provision of data by the visitor, Gramkow may carry out its own processes to collect public data from the visitor for the purpose of complementing the profile, from social networks such as Google, Facebook, Instagram, LinkedIn, among others. Gramkow may share personal data with:<\/p>\r\n\r\n\r\n\r\n<ul>\r\n<li>Partner companies, for the purpose of analyzing the visitor&#8217;s profile and forwarding targeted offers, according to their habits and customs.<\/li>\r\n<li>Government entities, in compliance with the law or court orders.<\/li>\r\n<li>In contracting a prize or experience that requires the name of the holder who is entitled to the usufruct;<\/li>\r\n<li>Advertisers: You may from time to time directly receive advertisements, content and links displayed in a personalized way from Gramkow, according to your interests and behavior on our websites or other services with which you interact. For this purpose, data may be shared between Gramkow and the targeted advertising platform, mainly unique identifiers, IP addresses, cookies and other information collected from your browser, which can be used to measure the effectiveness of online advertising. You may opt-out of this advertising by contacting us at the following email address: <a href=\"mailto:privacy@gramkowsolutions.com\">privacy@gramkowsolutions.com<\/a>.<\/li>\r\n<li>Our Partners: It is possible to partner with other companies to perform work on our behalf, and to do so, there will be a need to share your personal data with them to provide products and services to you.<\/li>\r\n<li>Statistics: The data stored by Gramkow may be used for statistical purposes (analytics). These data are grouped in order to provide a macro analysis of the scenario, and therefore, they do not seek to identify or make identifiable the holders of personal data, but only to better understand how they access Gramkow websites, with the purpose of to improve the provision of services and customize products more targeted to the interests of users.<\/li>\r\n<\/ul>\r\n\r\n\r\n\r\n<p>Except for information that constitutes Gramkow&#8217;s industrial or commercial secret, the visitor may, at any time, have access to their personal data processed by Gramkow on its websites, by contacting the following email address: <a href=\"mailto:privacy@gramkowsolutions.com\">privacy@gramkowsolutions.com<\/a>.<\/p>\r\n\r\n\r\n\r\n<h3>INTELLECTUAL PROPERTY AND RESOURCES<\/h3>\r\n\r\n\r\n\r\n<p>The parties involved in the websites acknowledge that the \u201cGramkow\u201d brand is the exclusive property of Gramkow.<\/p>\r\n\r\n\r\n\r\n<h3>THE VALIDITY PERIOD<\/h3>\r\n\r\n\r\n\r\n<p>The sites will work indefinitely, and Gramkow may deactivate them at any time. If Gramkow websites are closed, the personal data registered will be deleted from the database that we store as a backup.<\/p>\r\n\r\n\r\n\r\n<h3>GENERAL PROVISIONS<\/h3>\r\n\r\n\r\n\r\n<p>This General Terms and Conditions of Use document will be effective as of March 26, 2021, and may be changed, suspended or canceled at any time and for any reason, upon communication to visitors to Gramkow&#8217;s websites. All doubts and\/or questions must be forwarded through the means of contact available on Gramkow&#8217;s websites. This document is governed by the Brazilian Civil Code and other applicable Brazilian norms, and any conflict must be settled in the Judiciary of Jaragu\u00e1 do Sul, State of Santa Catarina.<\/p>\r\n","protected":false},"excerpt":{"rendered":"<p>These General Terms and Conditions of Use provide for the use of the following sites: gramkowsolutions.com The websites, the brand and all accessory rights are the exclusive property of CA GRAMKOW COM\u00c9RCIO EXTERIOR LTDA., a legal entity governed by private law, registered with the CNPJ\/MF under no. 07.775.558\/0001-98, established at Rua Jo\u00e3o Dietrich, n\u00ba 465, [&hellip;]<\/p>\n","protected":false},"author":1,"featured_media":0,"parent":0,"menu_order":0,"comment_status":"closed","ping_status":"closed","template":"template-politica-de-privacidade.php","meta":[],"yoast_head":"<!-- This site is optimized with the Yoast SEO plugin v19.6.1 - https:\/\/yoast.com\/wordpress\/plugins\/seo\/ -->\n<title>Terms of Use - Gramkow<\/title>\n<meta name=\"robots\" content=\"index, follow, max-snippet:-1, max-image-preview:large, max-video-preview:-1\" \/>\n<link rel=\"canonical\" href=\"https:\/\/gramkowsolutions.com\/en\/terms-of-use\/\" \/>\n<meta property=\"og:locale\" content=\"en_US\" \/>\n<meta property=\"og:type\" content=\"article\" \/>\n<meta property=\"og:title\" content=\"Terms of Use - Gramkow\" \/>\n<meta property=\"og:description\" content=\"These General Terms and Conditions of Use provide for the use of the following sites: gramkowsolutions.com The websites, the brand and all accessory rights are the exclusive property of CA GRAMKOW COM\u00c9RCIO EXTERIOR LTDA., a legal entity governed by private law, registered with the CNPJ\/MF under no. 07.775.558\/0001-98, established at Rua Jo\u00e3o Dietrich, n\u00ba 465, [&hellip;]\" \/>\n<meta property=\"og:url\" content=\"https:\/\/gramkowsolutions.com\/en\/terms-of-use\/\" \/>\n<meta property=\"og:site_name\" content=\"Gramkow\" \/>\n<meta property=\"article:modified_time\" content=\"2022-09-02T12:10:29+00:00\" \/>\n<meta name=\"twitter:card\" content=\"summary_large_image\" \/>\n<meta name=\"twitter:label1\" content=\"Est. reading time\" \/>\n\t<meta name=\"twitter:data1\" content=\"4 minutes\" \/>\n<script type=\"application\/ld+json\" class=\"yoast-schema-graph\">{\"@context\":\"https:\/\/schema.org\",\"@graph\":[{\"@type\":\"WebPage\",\"@id\":\"https:\/\/gramkowsolutions.com\/en\/terms-of-use\/\",\"url\":\"https:\/\/gramkowsolutions.com\/en\/terms-of-use\/\",\"name\":\"Terms of Use - Gramkow\",\"isPartOf\":{\"@id\":\"https:\/\/gramkowsolutions.com\/#website\"},\"datePublished\":\"2022-09-01T21:33:02+00:00\",\"dateModified\":\"2022-09-02T12:10:29+00:00\",\"breadcrumb\":{\"@id\":\"https:\/\/gramkowsolutions.com\/en\/terms-of-use\/#breadcrumb\"},\"inLanguage\":\"en-US\",\"potentialAction\":[{\"@type\":\"ReadAction\",\"target\":[\"https:\/\/gramkowsolutions.com\/en\/terms-of-use\/\"]}]},{\"@type\":\"BreadcrumbList\",\"@id\":\"https:\/\/gramkowsolutions.com\/en\/terms-of-use\/#breadcrumb\",\"itemListElement\":[{\"@type\":\"ListItem\",\"position\":1,\"name\":\"In\u00edcio\",\"item\":\"https:\/\/gramkowsolutions.com\/en\/\"},{\"@type\":\"ListItem\",\"position\":2,\"name\":\"Terms of Use\"}]},{\"@type\":\"WebSite\",\"@id\":\"https:\/\/gramkowsolutions.com\/#website\",\"url\":\"https:\/\/gramkowsolutions.com\/\",\"name\":\"Gramkow\",\"description\":\"A Gramkow \u00e9 pioneira no Brasil na cria\u00e7\u00e3o de uma linha de ingredientes completamente clean-label. Entregamos solu\u00e7\u00f5es para cada segmento da ind\u00fastria, atendendo seus apelos de sa\u00fade e bem-estar para os consumidores e estimulando a fabrica\u00e7\u00e3o de produtos inovadores no mercado brasileiro.\",\"publisher\":{\"@id\":\"https:\/\/gramkowsolutions.com\/#organization\"},\"potentialAction\":[{\"@type\":\"SearchAction\",\"target\":{\"@type\":\"EntryPoint\",\"urlTemplate\":\"https:\/\/gramkowsolutions.com\/?s={search_term_string}\"},\"query-input\":\"required name=search_term_string\"}],\"inLanguage\":\"en-US\"},{\"@type\":\"Organization\",\"@id\":\"https:\/\/gramkowsolutions.com\/#organization\",\"name\":\"Gramkow Solutions Specialist\",\"url\":\"https:\/\/gramkowsolutions.com\/\",\"sameAs\":[],\"logo\":{\"@type\":\"ImageObject\",\"inLanguage\":\"en-US\",\"@id\":\"https:\/\/gramkowsolutions.com\/#\/schema\/logo\/image\/\",\"url\":\"https:\/\/gramkowsolutions.com\/site\/uploads\/2022\/09\/logo-header.png\",\"contentUrl\":\"https:\/\/gramkowsolutions.com\/site\/uploads\/2022\/09\/logo-header.png\",\"width\":282,\"height\":107,\"caption\":\"Gramkow Solutions Specialist\"},\"image\":{\"@id\":\"https:\/\/gramkowsolutions.com\/#\/schema\/logo\/image\/\"}}]}<\/script>\n<!-- \/ Yoast SEO plugin. -->","yoast_head_json":{"title":"Terms of Use - Gramkow","robots":{"index":"index","follow":"follow","max-snippet":"max-snippet:-1","max-image-preview":"max-image-preview:large","max-video-preview":"max-video-preview:-1"},"canonical":"https:\/\/gramkowsolutions.com\/en\/terms-of-use\/","og_locale":"en_US","og_type":"article","og_title":"Terms of Use - Gramkow","og_description":"These General Terms and Conditions of Use provide for the use of the following sites: gramkowsolutions.com The websites, the brand and all accessory rights are the exclusive property of CA GRAMKOW COM\u00c9RCIO EXTERIOR LTDA., a legal entity governed by private law, registered with the CNPJ\/MF under no. 07.775.558\/0001-98, established at Rua Jo\u00e3o Dietrich, n\u00ba 465, [&hellip;]","og_url":"https:\/\/gramkowsolutions.com\/en\/terms-of-use\/","og_site_name":"Gramkow","article_modified_time":"2022-09-02T12:10:29+00:00","twitter_card":"summary_large_image","twitter_misc":{"Est. reading time":"4 minutes"},"schema":{"@context":"https:\/\/schema.org","@graph":[{"@type":"WebPage","@id":"https:\/\/gramkowsolutions.com\/en\/terms-of-use\/","url":"https:\/\/gramkowsolutions.com\/en\/terms-of-use\/","name":"Terms of Use - Gramkow","isPartOf":{"@id":"https:\/\/gramkowsolutions.com\/#website"},"datePublished":"2022-09-01T21:33:02+00:00","dateModified":"2022-09-02T12:10:29+00:00","breadcrumb":{"@id":"https:\/\/gramkowsolutions.com\/en\/terms-of-use\/#breadcrumb"},"inLanguage":"en-US","potentialAction":[{"@type":"ReadAction","target":["https:\/\/gramkowsolutions.com\/en\/terms-of-use\/"]}]},{"@type":"BreadcrumbList","@id":"https:\/\/gramkowsolutions.com\/en\/terms-of-use\/#breadcrumb","itemListElement":[{"@type":"ListItem","position":1,"name":"In\u00edcio","item":"https:\/\/gramkowsolutions.com\/en\/"},{"@type":"ListItem","position":2,"name":"Terms of Use"}]},{"@type":"WebSite","@id":"https:\/\/gramkowsolutions.com\/#website","url":"https:\/\/gramkowsolutions.com\/","name":"Gramkow","description":"A Gramkow \u00e9 pioneira no Brasil na cria\u00e7\u00e3o de uma linha de ingredientes completamente clean-label. Entregamos solu\u00e7\u00f5es para cada segmento da ind\u00fastria, atendendo seus apelos de sa\u00fade e bem-estar para os consumidores e estimulando a fabrica\u00e7\u00e3o de produtos inovadores no mercado brasileiro.","publisher":{"@id":"https:\/\/gramkowsolutions.com\/#organization"},"potentialAction":[{"@type":"SearchAction","target":{"@type":"EntryPoint","urlTemplate":"https:\/\/gramkowsolutions.com\/?s={search_term_string}"},"query-input":"required name=search_term_string"}],"inLanguage":"en-US"},{"@type":"Organization","@id":"https:\/\/gramkowsolutions.com\/#organization","name":"Gramkow Solutions Specialist","url":"https:\/\/gramkowsolutions.com\/","sameAs":[],"logo":{"@type":"ImageObject","inLanguage":"en-US","@id":"https:\/\/gramkowsolutions.com\/#\/schema\/logo\/image\/","url":"https:\/\/gramkowsolutions.com\/site\/uploads\/2022\/09\/logo-header.png","contentUrl":"https:\/\/gramkowsolutions.com\/site\/uploads\/2022\/09\/logo-header.png","width":282,"height":107,"caption":"Gramkow Solutions Specialist"},"image":{"@id":"https:\/\/gramkowsolutions.com\/#\/schema\/logo\/image\/"}}]}},"_links":{"self":[{"href":"https:\/\/gramkowsolutions.com\/en\/wp-json\/wp\/v2\/pages\/1835"}],"collection":[{"href":"https:\/\/gramkowsolutions.com\/en\/wp-json\/wp\/v2\/pages"}],"about":[{"href":"https:\/\/gramkowsolutions.com\/en\/wp-json\/wp\/v2\/types\/page"}],"author":[{"embeddable":true,"href":"https:\/\/gramkowsolutions.com\/en\/wp-json\/wp\/v2\/users\/1"}],"replies":[{"embeddable":true,"href":"https:\/\/gramkowsolutions.com\/en\/wp-json\/wp\/v2\/comments?post=1835"}],"version-history":[{"count":1,"href":"https:\/\/gramkowsolutions.com\/en\/wp-json\/wp\/v2\/pages\/1835\/revisions"}],"predecessor-version":[{"id":1836,"href":"https:\/\/gramkowsolutions.com\/en\/wp-json\/wp\/v2\/pages\/1835\/revisions\/1836"}],"wp:attachment":[{"href":"https:\/\/gramkowsolutions.com\/en\/wp-json\/wp\/v2\/media?parent=1835"}],"curies":[{"name":"wp","href":"https:\/\/api.w.org\/{rel}","templated":true}]}}