{"id":1256,"date":"2021-08-16T15:05:42","date_gmt":"2021-08-16T18:05:42","guid":{"rendered":"https:\/\/projetos.hangardigital.com.br\/gramkow\/site\/?page_id=1256"},"modified":"2021-08-16T15:05:42","modified_gmt":"2021-08-16T18:05:42","slug":"product-line","status":"publish","type":"page","link":"https:\/\/gramkowsolutions.com\/en\/product-line\/","title":{"rendered":"Product line"},"content":{"rendered":"","protected":false},"excerpt":{"rendered":"","protected":false},"author":1,"featured_media":0,"parent":0,"menu_order":0,"comment_status":"closed","ping_status":"closed","template":"template-product-line.php","meta":[],"yoast_head":"<!-- This site is optimized with the Yoast SEO plugin v19.6.1 - https:\/\/yoast.com\/wordpress\/plugins\/seo\/ -->\n<title>Product line - Gramkow<\/title>\n<meta name=\"robots\" content=\"index, follow, max-snippet:-1, max-image-preview:large, max-video-preview:-1\" \/>\n<link rel=\"canonical\" href=\"https:\/\/gramkowsolutions.com\/en\/product-line\/\" \/>\n<meta property=\"og:locale\" content=\"en_US\" \/>\n<meta property=\"og:type\" content=\"article\" \/>\n<meta property=\"og:title\" content=\"Product line - Gramkow\" \/>\n<meta property=\"og:url\" content=\"https:\/\/gramkowsolutions.com\/en\/product-line\/\" \/>\n<meta property=\"og:site_name\" content=\"Gramkow\" \/>\n<meta name=\"twitter:card\" content=\"summary_large_image\" \/>\n<script type=\"application\/ld+json\" class=\"yoast-schema-graph\">{\"@context\":\"https:\/\/schema.org\",\"@graph\":[{\"@type\":\"WebPage\",\"@id\":\"https:\/\/gramkowsolutions.com\/en\/product-line\/\",\"url\":\"https:\/\/gramkowsolutions.com\/en\/product-line\/\",\"name\":\"Product line - Gramkow\",\"isPartOf\":{\"@id\":\"https:\/\/gramkowsolutions.com\/#website\"},\"datePublished\":\"2021-08-16T18:05:42+00:00\",\"dateModified\":\"2021-08-16T18:05:42+00:00\",\"breadcrumb\":{\"@id\":\"https:\/\/gramkowsolutions.com\/en\/product-line\/#breadcrumb\"},\"inLanguage\":\"en-US\",\"potentialAction\":[{\"@type\":\"ReadAction\",\"target\":[\"https:\/\/gramkowsolutions.com\/en\/product-line\/\"]}]},{\"@type\":\"BreadcrumbList\",\"@id\":\"https:\/\/gramkowsolutions.com\/en\/product-line\/#breadcrumb\",\"itemListElement\":[{\"@type\":\"ListItem\",\"position\":1,\"name\":\"In\u00edcio\",\"item\":\"https:\/\/gramkowsolutions.com\/en\/\"},{\"@type\":\"ListItem\",\"position\":2,\"name\":\"Product line\"}]},{\"@type\":\"WebSite\",\"@id\":\"https:\/\/gramkowsolutions.com\/#website\",\"url\":\"https:\/\/gramkowsolutions.com\/\",\"name\":\"Gramkow\",\"description\":\"A Gramkow \u00e9 pioneira no Brasil na cria\u00e7\u00e3o de uma linha de ingredientes completamente clean-label. Entregamos solu\u00e7\u00f5es para cada segmento da ind\u00fastria, atendendo seus apelos de sa\u00fade e bem-estar para os consumidores e estimulando a fabrica\u00e7\u00e3o de produtos inovadores no mercado brasileiro.\",\"publisher\":{\"@id\":\"https:\/\/gramkowsolutions.com\/#organization\"},\"potentialAction\":[{\"@type\":\"SearchAction\",\"target\":{\"@type\":\"EntryPoint\",\"urlTemplate\":\"https:\/\/gramkowsolutions.com\/?s={search_term_string}\"},\"query-input\":\"required name=search_term_string\"}],\"inLanguage\":\"en-US\"},{\"@type\":\"Organization\",\"@id\":\"https:\/\/gramkowsolutions.com\/#organization\",\"name\":\"Gramkow Solutions Specialist\",\"url\":\"https:\/\/gramkowsolutions.com\/\",\"sameAs\":[],\"logo\":{\"@type\":\"ImageObject\",\"inLanguage\":\"en-US\",\"@id\":\"https:\/\/gramkowsolutions.com\/#\/schema\/logo\/image\/\",\"url\":\"https:\/\/gramkowsolutions.com\/site\/uploads\/2022\/09\/logo-header.png\",\"contentUrl\":\"https:\/\/gramkowsolutions.com\/site\/uploads\/2022\/09\/logo-header.png\",\"width\":282,\"height\":107,\"caption\":\"Gramkow Solutions Specialist\"},\"image\":{\"@id\":\"https:\/\/gramkowsolutions.com\/#\/schema\/logo\/image\/\"}}]}<\/script>\n<!-- \/ Yoast SEO plugin. -->","yoast_head_json":{"title":"Product line - Gramkow","robots":{"index":"index","follow":"follow","max-snippet":"max-snippet:-1","max-image-preview":"max-image-preview:large","max-video-preview":"max-video-preview:-1"},"canonical":"https:\/\/gramkowsolutions.com\/en\/product-line\/","og_locale":"en_US","og_type":"article","og_title":"Product line - Gramkow","og_url":"https:\/\/gramkowsolutions.com\/en\/product-line\/","og_site_name":"Gramkow","twitter_card":"summary_large_image","schema":{"@context":"https:\/\/schema.org","@graph":[{"@type":"WebPage","@id":"https:\/\/gramkowsolutions.com\/en\/product-line\/","url":"https:\/\/gramkowsolutions.com\/en\/product-line\/","name":"Product line - Gramkow","isPartOf":{"@id":"https:\/\/gramkowsolutions.com\/#website"},"datePublished":"2021-08-16T18:05:42+00:00","dateModified":"2021-08-16T18:05:42+00:00","breadcrumb":{"@id":"https:\/\/gramkowsolutions.com\/en\/product-line\/#breadcrumb"},"inLanguage":"en-US","potentialAction":[{"@type":"ReadAction","target":["https:\/\/gramkowsolutions.com\/en\/product-line\/"]}]},{"@type":"BreadcrumbList","@id":"https:\/\/gramkowsolutions.com\/en\/product-line\/#breadcrumb","itemListElement":[{"@type":"ListItem","position":1,"name":"In\u00edcio","item":"https:\/\/gramkowsolutions.com\/en\/"},{"@type":"ListItem","position":2,"name":"Product line"}]},{"@type":"WebSite","@id":"https:\/\/gramkowsolutions.com\/#website","url":"https:\/\/gramkowsolutions.com\/","name":"Gramkow","description":"A Gramkow \u00e9 pioneira no Brasil na cria\u00e7\u00e3o de uma linha de ingredientes completamente clean-label. Entregamos solu\u00e7\u00f5es para cada segmento da ind\u00fastria, atendendo seus apelos de sa\u00fade e bem-estar para os consumidores e estimulando a fabrica\u00e7\u00e3o de produtos inovadores no mercado brasileiro.","publisher":{"@id":"https:\/\/gramkowsolutions.com\/#organization"},"potentialAction":[{"@type":"SearchAction","target":{"@type":"EntryPoint","urlTemplate":"https:\/\/gramkowsolutions.com\/?s={search_term_string}"},"query-input":"required name=search_term_string"}],"inLanguage":"en-US"},{"@type":"Organization","@id":"https:\/\/gramkowsolutions.com\/#organization","name":"Gramkow Solutions Specialist","url":"https:\/\/gramkowsolutions.com\/","sameAs":[],"logo":{"@type":"ImageObject","inLanguage":"en-US","@id":"https:\/\/gramkowsolutions.com\/#\/schema\/logo\/image\/","url":"https:\/\/gramkowsolutions.com\/site\/uploads\/2022\/09\/logo-header.png","contentUrl":"https:\/\/gramkowsolutions.com\/site\/uploads\/2022\/09\/logo-header.png","width":282,"height":107,"caption":"Gramkow Solutions Specialist"},"image":{"@id":"https:\/\/gramkowsolutions.com\/#\/schema\/logo\/image\/"}}]}},"_links":{"self":[{"href":"https:\/\/gramkowsolutions.com\/en\/wp-json\/wp\/v2\/pages\/1256"}],"collection":[{"href":"https:\/\/gramkowsolutions.com\/en\/wp-json\/wp\/v2\/pages"}],"about":[{"href":"https:\/\/gramkowsolutions.com\/en\/wp-json\/wp\/v2\/types\/page"}],"author":[{"embeddable":true,"href":"https:\/\/gramkowsolutions.com\/en\/wp-json\/wp\/v2\/users\/1"}],"replies":[{"embeddable":true,"href":"https:\/\/gramkowsolutions.com\/en\/wp-json\/wp\/v2\/comments?post=1256"}],"version-history":[{"count":1,"href":"https:\/\/gramkowsolutions.com\/en\/wp-json\/wp\/v2\/pages\/1256\/revisions"}],"predecessor-version":[{"id":1257,"href":"https:\/\/gramkowsolutions.com\/en\/wp-json\/wp\/v2\/pages\/1256\/revisions\/1257"}],"wp:attachment":[{"href":"https:\/\/gramkowsolutions.com\/en\/wp-json\/wp\/v2\/media?parent=1256"}],"curies":[{"name":"wp","href":"https:\/\/api.w.org\/{rel}","templated":true}]}}