{"id":1251,"date":"2021-08-16T10:18:07","date_gmt":"2021-08-16T13:18:07","guid":{"rendered":"https:\/\/projetos.hangardigital.com.br\/gramkow\/site\/?page_id=1251"},"modified":"2021-08-16T15:03:46","modified_gmt":"2021-08-16T18:03:46","slug":"discover-our-solutions","status":"publish","type":"page","link":"https:\/\/gramkowsolutions.com\/en\/discover-our-solutions\/","title":{"rendered":"Discover our solutions"},"content":{"rendered":"","protected":false},"excerpt":{"rendered":"","protected":false},"author":1,"featured_media":0,"parent":0,"menu_order":0,"comment_status":"closed","ping_status":"closed","template":"template-discover-our-solutions.php","meta":[],"yoast_head":"<!-- This site is optimized with the Yoast SEO plugin v19.6.1 - https:\/\/yoast.com\/wordpress\/plugins\/seo\/ -->\n<title>Discover our solutions - Gramkow<\/title>\n<meta name=\"robots\" content=\"index, follow, max-snippet:-1, max-image-preview:large, max-video-preview:-1\" \/>\n<link rel=\"canonical\" href=\"https:\/\/gramkowsolutions.com\/en\/discover-our-solutions\/\" \/>\n<meta property=\"og:locale\" content=\"en_US\" \/>\n<meta property=\"og:type\" content=\"article\" \/>\n<meta property=\"og:title\" content=\"Discover our solutions - Gramkow\" \/>\n<meta property=\"og:url\" content=\"https:\/\/gramkowsolutions.com\/en\/discover-our-solutions\/\" \/>\n<meta property=\"og:site_name\" content=\"Gramkow\" \/>\n<meta property=\"article:modified_time\" content=\"2021-08-16T18:03:46+00:00\" \/>\n<meta name=\"twitter:card\" content=\"summary_large_image\" \/>\n<script type=\"application\/ld+json\" class=\"yoast-schema-graph\">{\"@context\":\"https:\/\/schema.org\",\"@graph\":[{\"@type\":\"WebPage\",\"@id\":\"https:\/\/gramkowsolutions.com\/en\/discover-our-solutions\/\",\"url\":\"https:\/\/gramkowsolutions.com\/en\/discover-our-solutions\/\",\"name\":\"Discover our solutions - Gramkow\",\"isPartOf\":{\"@id\":\"https:\/\/gramkowsolutions.com\/#website\"},\"datePublished\":\"2021-08-16T13:18:07+00:00\",\"dateModified\":\"2021-08-16T18:03:46+00:00\",\"breadcrumb\":{\"@id\":\"https:\/\/gramkowsolutions.com\/en\/discover-our-solutions\/#breadcrumb\"},\"inLanguage\":\"en-US\",\"potentialAction\":[{\"@type\":\"ReadAction\",\"target\":[\"https:\/\/gramkowsolutions.com\/en\/discover-our-solutions\/\"]}]},{\"@type\":\"BreadcrumbList\",\"@id\":\"https:\/\/gramkowsolutions.com\/en\/discover-our-solutions\/#breadcrumb\",\"itemListElement\":[{\"@type\":\"ListItem\",\"position\":1,\"name\":\"In\u00edcio\",\"item\":\"https:\/\/gramkowsolutions.com\/en\/\"},{\"@type\":\"ListItem\",\"position\":2,\"name\":\"Discover our solutions\"}]},{\"@type\":\"WebSite\",\"@id\":\"https:\/\/gramkowsolutions.com\/#website\",\"url\":\"https:\/\/gramkowsolutions.com\/\",\"name\":\"Gramkow\",\"description\":\"A Gramkow \u00e9 pioneira no Brasil na cria\u00e7\u00e3o de uma linha de ingredientes completamente clean-label. Entregamos solu\u00e7\u00f5es para cada segmento da ind\u00fastria, atendendo seus apelos de sa\u00fade e bem-estar para os consumidores e estimulando a fabrica\u00e7\u00e3o de produtos inovadores no mercado brasileiro.\",\"publisher\":{\"@id\":\"https:\/\/gramkowsolutions.com\/#organization\"},\"potentialAction\":[{\"@type\":\"SearchAction\",\"target\":{\"@type\":\"EntryPoint\",\"urlTemplate\":\"https:\/\/gramkowsolutions.com\/?s={search_term_string}\"},\"query-input\":\"required name=search_term_string\"}],\"inLanguage\":\"en-US\"},{\"@type\":\"Organization\",\"@id\":\"https:\/\/gramkowsolutions.com\/#organization\",\"name\":\"Gramkow Solutions Specialist\",\"url\":\"https:\/\/gramkowsolutions.com\/\",\"sameAs\":[],\"logo\":{\"@type\":\"ImageObject\",\"inLanguage\":\"en-US\",\"@id\":\"https:\/\/gramkowsolutions.com\/#\/schema\/logo\/image\/\",\"url\":\"https:\/\/gramkowsolutions.com\/site\/uploads\/2022\/09\/logo-header.png\",\"contentUrl\":\"https:\/\/gramkowsolutions.com\/site\/uploads\/2022\/09\/logo-header.png\",\"width\":282,\"height\":107,\"caption\":\"Gramkow Solutions Specialist\"},\"image\":{\"@id\":\"https:\/\/gramkowsolutions.com\/#\/schema\/logo\/image\/\"}}]}<\/script>\n<!-- \/ Yoast SEO plugin. -->","yoast_head_json":{"title":"Discover our solutions - Gramkow","robots":{"index":"index","follow":"follow","max-snippet":"max-snippet:-1","max-image-preview":"max-image-preview:large","max-video-preview":"max-video-preview:-1"},"canonical":"https:\/\/gramkowsolutions.com\/en\/discover-our-solutions\/","og_locale":"en_US","og_type":"article","og_title":"Discover our solutions - Gramkow","og_url":"https:\/\/gramkowsolutions.com\/en\/discover-our-solutions\/","og_site_name":"Gramkow","article_modified_time":"2021-08-16T18:03:46+00:00","twitter_card":"summary_large_image","schema":{"@context":"https:\/\/schema.org","@graph":[{"@type":"WebPage","@id":"https:\/\/gramkowsolutions.com\/en\/discover-our-solutions\/","url":"https:\/\/gramkowsolutions.com\/en\/discover-our-solutions\/","name":"Discover our solutions - Gramkow","isPartOf":{"@id":"https:\/\/gramkowsolutions.com\/#website"},"datePublished":"2021-08-16T13:18:07+00:00","dateModified":"2021-08-16T18:03:46+00:00","breadcrumb":{"@id":"https:\/\/gramkowsolutions.com\/en\/discover-our-solutions\/#breadcrumb"},"inLanguage":"en-US","potentialAction":[{"@type":"ReadAction","target":["https:\/\/gramkowsolutions.com\/en\/discover-our-solutions\/"]}]},{"@type":"BreadcrumbList","@id":"https:\/\/gramkowsolutions.com\/en\/discover-our-solutions\/#breadcrumb","itemListElement":[{"@type":"ListItem","position":1,"name":"In\u00edcio","item":"https:\/\/gramkowsolutions.com\/en\/"},{"@type":"ListItem","position":2,"name":"Discover our solutions"}]},{"@type":"WebSite","@id":"https:\/\/gramkowsolutions.com\/#website","url":"https:\/\/gramkowsolutions.com\/","name":"Gramkow","description":"A Gramkow \u00e9 pioneira no Brasil na cria\u00e7\u00e3o de uma linha de ingredientes completamente clean-label. Entregamos solu\u00e7\u00f5es para cada segmento da ind\u00fastria, atendendo seus apelos de sa\u00fade e bem-estar para os consumidores e estimulando a fabrica\u00e7\u00e3o de produtos inovadores no mercado brasileiro.","publisher":{"@id":"https:\/\/gramkowsolutions.com\/#organization"},"potentialAction":[{"@type":"SearchAction","target":{"@type":"EntryPoint","urlTemplate":"https:\/\/gramkowsolutions.com\/?s={search_term_string}"},"query-input":"required name=search_term_string"}],"inLanguage":"en-US"},{"@type":"Organization","@id":"https:\/\/gramkowsolutions.com\/#organization","name":"Gramkow Solutions Specialist","url":"https:\/\/gramkowsolutions.com\/","sameAs":[],"logo":{"@type":"ImageObject","inLanguage":"en-US","@id":"https:\/\/gramkowsolutions.com\/#\/schema\/logo\/image\/","url":"https:\/\/gramkowsolutions.com\/site\/uploads\/2022\/09\/logo-header.png","contentUrl":"https:\/\/gramkowsolutions.com\/site\/uploads\/2022\/09\/logo-header.png","width":282,"height":107,"caption":"Gramkow Solutions Specialist"},"image":{"@id":"https:\/\/gramkowsolutions.com\/#\/schema\/logo\/image\/"}}]}},"_links":{"self":[{"href":"https:\/\/gramkowsolutions.com\/en\/wp-json\/wp\/v2\/pages\/1251"}],"collection":[{"href":"https:\/\/gramkowsolutions.com\/en\/wp-json\/wp\/v2\/pages"}],"about":[{"href":"https:\/\/gramkowsolutions.com\/en\/wp-json\/wp\/v2\/types\/page"}],"author":[{"embeddable":true,"href":"https:\/\/gramkowsolutions.com\/en\/wp-json\/wp\/v2\/users\/1"}],"replies":[{"embeddable":true,"href":"https:\/\/gramkowsolutions.com\/en\/wp-json\/wp\/v2\/comments?post=1251"}],"version-history":[{"count":3,"href":"https:\/\/gramkowsolutions.com\/en\/wp-json\/wp\/v2\/pages\/1251\/revisions"}],"predecessor-version":[{"id":1255,"href":"https:\/\/gramkowsolutions.com\/en\/wp-json\/wp\/v2\/pages\/1251\/revisions\/1255"}],"wp:attachment":[{"href":"https:\/\/gramkowsolutions.com\/en\/wp-json\/wp\/v2\/media?parent=1251"}],"curies":[{"name":"wp","href":"https:\/\/api.w.org\/{rel}","templated":true}]}}